{"id":1048,"date":"2025-01-15T17:30:16","date_gmt":"2025-01-15T16:30:16","guid":{"rendered":"https:\/\/cyclosportive-lamanchoise.fr\/?page_id=1048"},"modified":"2025-02-25T14:24:38","modified_gmt":"2025-02-25T13:24:38","slug":"reglement-55km","status":"publish","type":"page","link":"https:\/\/cyclosportive-lamanchoise.fr\/index.php\/reglement-55km\/","title":{"rendered":"R\u00e9glement 55km"},"content":{"rendered":"\t\t<div data-elementor-type=\"wp-page\" data-elementor-id=\"1048\" class=\"elementor elementor-1048\">\n\t\t\t\t<div class=\"elementor-element elementor-element-6fa6a92 e-flex e-con-boxed e-con e-parent\" data-id=\"6fa6a92\" data-element_type=\"container\">\n\t\t\t\t\t<div class=\"e-con-inner\">\n\t\t\t\t<div class=\"elementor-element elementor-element-1a6248a elementor-widget elementor-widget-heading\" data-id=\"1a6248a\" data-element_type=\"widget\" data-widget_type=\"heading.default\">\n\t\t\t\t<div class=\"elementor-widget-container\">\n\t\t\t\t\t<h2 class=\"elementor-heading-title elementor-size-default\">R\u00e8glement int\u00e9rieur Cyclosportive La Manchoise - 55km<\/h2>\t\t\t\t<\/div>\n\t\t\t\t<\/div>\n\t\t\t\t\t<\/div>\n\t\t\t\t<\/div>\n\t\t<div class=\"elementor-element elementor-element-beecf5a e-flex e-con-boxed e-con e-parent\" data-id=\"beecf5a\" data-element_type=\"container\">\n\t\t\t\t\t<div class=\"e-con-inner\">\n\t\t\t\t<div class=\"elementor-element elementor-element-ffa936b elementor-align-center elementor-widget elementor-widget-button\" data-id=\"ffa936b\" data-element_type=\"widget\" data-widget_type=\"button.default\">\n\t\t\t\t<div class=\"elementor-widget-container\">\n\t\t\t\t\t\t\t\t\t<div class=\"elementor-button-wrapper\">\n\t\t\t\t\t<a class=\"elementor-button elementor-button-link elementor-size-sm\" href=\"http:\/\/cyclosportive-lamanchoise.fr\/wp-content\/uploads\/2025\/02\/Reglement-interieur-Cyclosportive-La-Manchoise-55km-3.pdf\">\n\t\t\t\t\t\t<span class=\"elementor-button-content-wrapper\">\n\t\t\t\t\t\t\t\t\t<span class=\"elementor-button-text\">T\u00e9lechargez <\/span>\n\t\t\t\t\t<\/span>\n\t\t\t\t\t<\/a>\n\t\t\t\t<\/div>\n\t\t\t\t\t\t\t\t<\/div>\n\t\t\t\t<\/div>\n\t\t\t\t\t<\/div>\n\t\t\t\t<\/div>\n\t\t<div class=\"elementor-element elementor-element-957e043 e-flex e-con-boxed e-con e-parent\" data-id=\"957e043\" data-element_type=\"container\">\n\t\t\t\t\t<div class=\"e-con-inner\">\n\t\t\t\t<div class=\"elementor-element elementor-element-466c1c1 elementor-widget elementor-widget-text-editor\" data-id=\"466c1c1\" data-element_type=\"widget\" data-widget_type=\"text-editor.default\">\n\t\t\t\t<div class=\"elementor-widget-container\">\n\t\t\t\t\t\t\t\t\t<p>La Manchoise est organis\u00e9e par l\u2019Association Sportive du Sud-Manche. Le pr\u00e9sident de cette association est Beno\u00eet DECHANC\u00c9.<\/p><p>La cyclosportive se d\u00e9roulera le <b>samedi 17 mai 2025<\/b>.<\/p><p><b>ARTICLE 1 : Organisation<\/b><\/p><p>Tout(e) participant(e) reconna\u00eet avoir pris connaissance du pr\u00e9sent r\u00e8glement, en accepter les clauses dans son int\u00e9gralit\u00e9 et accepter les risques normaux et fr\u00e9quents li\u00e9s \u00e0 la pratique du v\u00e9lo, telles que les chutes individuelles ou collectives.<\/p><p>Tout(e) participant(e) devra valider son acceptation de ce r\u00e8glement lors de son inscription.<\/p><p><b>ARTICLE 2 : Affichage des parcours\u00a0<\/b><\/p><p>Le parcours sera mis \u00e0 disposition \u00e0 chaque randonneur lors du d\u00e9part.\u00a0<\/p><p>Le parcours sera disponible sur l\u2019application OpenRunner.\u00a0<\/p><p><b>ARTICLE 3 &#8211; Inscriptions \/ Tarifs<\/b><\/p><p>Les inscriptions sont re\u0301alise\u0301es de manie\u0300re digitale. Le lien et la date d\u2019ouverture des inscriptions est a\u0300 retrouver sur le site internet de l\u2019e\u0301preuve. Pour valider son inscription en ligne, le participant doit renseigner avec exactitude l&rsquo;ensemble des champs obligatoires du formulaire, s\u2019engager a\u0300\u0300 fournir une adresse e-mail re\u0301elle et active, dont il est effectivement le proprie\u0301taire exclusif. L\u2019organisateur est le seul de\u0301cisionnaire des participants se\u0301lectionne\u0301s et aucune contestation ne sera recevable.<\/p><p>Des tarifs diff\u00e9renci\u00e9s sont propos\u00e9s pour les licenci\u00e9s ou non :<\/p><ul><li aria-level=\"1\"><b>Du 15 janvier au 28 f\u00e9vrier<\/b> :<ul><li aria-level=\"2\">Licenci\u00e9s : <b>14 \u20ac<\/b><\/li><li aria-level=\"2\">Non-licenci\u00e9s : <b>16 \u20ac<\/b><\/li><\/ul><\/li><li aria-level=\"1\"><b>Du 1er mars au 15 avril<\/b> :<ul><li aria-level=\"2\">Licenci\u00e9s : <b>16 \u20ac<\/b><\/li><li aria-level=\"2\">Non-licenci\u00e9s : <b>18 \u20ac<\/b><\/li><\/ul><\/li><li aria-level=\"1\"><b>\u00c0 partir du 16 avril jusqu\u2019\u00e0 la date de l\u2019\u00e9v\u00e9nement :<\/b><ul><li aria-level=\"2\">Licenci\u00e9s : <b>18 \u20ac<\/b><\/li><li aria-level=\"2\">Non-licenci\u00e9s : <b>20 \u20ac<\/b><\/li><\/ul><\/li><\/ul><p><b>ARTICLE 4 : \u00c9quipement obligatoire<\/b><\/p><p>Le port d\u2019un casque \u00e0 coque rigide, en bon \u00e9tat et avec la jugulaire attach\u00e9e, adapt\u00e9 \u00e0 la pratique du v\u00e9lo de route, est obligatoire pendant toute la dur\u00e9e de l\u2019\u00e9preuve.<\/p><p>Chaque participant doit s\u2019assurer que son v\u00e9lo ou son gravel est en parfait \u00e9tat de fonctionnement avant le d\u00e9part. Les freins doivent \u00eatre pleinement op\u00e9rationnels, les pneus en bon \u00e9tat.<\/p><p><b>ARTICLE 5 : Conditions de participation\u00a0<\/b><\/p><ul><li aria-level=\"1\">Avoir plus de 15 ans\u00a0<\/li><li aria-level=\"1\">\u00catre en bonne sant\u00e9, il ne faut pr\u00e9senter aucune contre-indication \u00e0 la pratique du v\u00e9lo. La d\u00e9cision de prendre le d\u00e9part de la cyclo est totalement \u00e0 la responsabilit\u00e9 du participant.\u00a0<\/li><li aria-level=\"1\">Si vous d\u00e9tenez une licence FFC, merci de la transmettre au moment de l\u2019inscription.\u00a0<\/li><li aria-level=\"1\">Poss\u00e9der une assurance responsabilit\u00e9 civile en cours de validit\u00e9 et \u00eatre couvert individuellement en cas d\u2019accident corporel et mat\u00e9riel.\u00a0<\/li><li aria-level=\"1\">Avoir r\u00e9gl\u00e9 le prix de l\u2019inscription.\u00a0<\/li><\/ul><p><b>ARTICLE 6 : D\u00e9part\u00a0<\/b><\/p><p>Le d\u00e9part du 55 km sera pr\u00e9vu entre 15h45 et 16h00.\u00a0<\/p><p>Tous les d\u00e9parts et arriv\u00e9es se feront au m\u00eame endroit. Nous vous prions d&rsquo;arriver 30 minutes avant le d\u00e9but de votre cyclo afin de r\u00e9cup\u00e9rer votre dossard.<\/p><p><b>ARTICLE 7 : Le code de la route\u00a0<\/b><\/p><p>Les randonneurs devront respecter le code de la route et ils ne seront pas prioritaires.\u00a0<\/p><p>L\u2019organisation ne pourra en aucun cas \u00eatre tenue responsable des dommages dus au non-respect des r\u00e8gles du code de la route par les participants.<\/p><p><b>Balisage du parcours<\/b> :<br \/>Le parcours sera clairement balis\u00e9 \u00e0 l\u2019aide de panneaux et de fl\u00e8ches. Les participants doivent imp\u00e9rativement suivre le balisage et respecter le trac\u00e9 indiqu\u00e9.<\/p><p><b>ARTICLE 8 &#8211; Assurance et responsabilit\u00e9\u00a0<\/b><\/p><p>Conform\u00e9ment \u00e0 la l\u00e9gislation, l\u2019association \u201cAssociation Sportive du Sud-Manche\u201d est couverte par l\u2019attestation d\u2019assurance ALLIANZ pour la dur\u00e9e de l\u2019\u00e9preuve.<\/p><p>Il appartient au participant de se garantir et d\u2019\u00eatre en possession d\u2019une assurance responsabilit\u00e9 civile et individuelle accident couvrant tous les frais inh\u00e9rents aux dommages corporels \u00e9ventuels encourus lors de sa participation \u00e0 l&rsquo;\u00e9v\u00e8nement.\u00a0<\/p><p>L\u2019organisation ne peut en aucun cas \u00eatre tenue pour responsable en cas d\u2019accident ou de d\u00e9faillance des participants, notamment ceux cons\u00e9cutifs \u00e0 un mauvais \u00e9tat de sant\u00e9 ou \u00e0 une pr\u00e9paration insuffisante. La participation se fait sous l\u2019enti\u00e8re responsabilit\u00e9 des concurrents avec renonciation \u00e0 tout recours contre les organisateurs en cas de dommages ou de s\u00e9quelles ult\u00e9rieurs \u00e0 la course. Les organisateurs d\u00e9clinent toute responsabilit\u00e9 en cas de vol ou de d\u00e9gradation de mat\u00e9riel.\u00a0<\/p><p><b>ARTICLE 9 &#8211; Respect de l\u2019environnement\u00a0<\/b><\/p><p>En tant que participant inscrit, vous vous engagez \u00e0 respecter la nature et \u00e0 veiller \u00e0 ne pas l\u2019endommager. Le jet de tout objet, r\u00e9cipient, papier, d\u00e9tritus sur la voie publique ou dans la nature est interdit, de m\u00eame pour tous les d\u00e9chets biod\u00e9gradables.\u00a0<\/p><p><b>ARTICLE 10 &#8211; Droit \u00e0 l\u2019image\u00a0<\/b><\/p><p>En acceptant le pr\u00e9sent r\u00e8glement, le participant, quel qu&rsquo;en soit son \u00e2ge, autorise l\u2019organisateur et les m\u00e9dias \u00e0 utiliser son image (photos ou vid\u00e9os) pour sa communication.\u00a0<\/p><p><b>ARTICLE 11 : Annulation\u00a0<\/b><\/p><p>L\u2019organisateur se r\u00e9serve la facult\u00e9 d&rsquo;annuler la manifestation soit sur requ\u00eate de l\u2019autorit\u00e9 administrative, soit en cas de force majeure. Aucune indemnit\u00e9 ne pourra \u00eatre vers\u00e9e \u00e0 ce titre.\u00a0<\/p><p>En cas de force majeure (intemp\u00e9ries\u2026) et pour des raisons de s\u00e9curit\u00e9, l\u2019organisation se r\u00e9serve le droit de modifier le parcours ou d\u2019annuler l\u2019\u00e9preuve. En cas d\u2019annulation, l\u2019organisation proc\u00e8dera au remboursement des inscriptions ou au report des \u00e9preuves \u00e0 une date ult\u00e9rieure.<\/p>\t\t\t\t\t\t\t\t<\/div>\n\t\t\t\t<\/div>\n\t\t\t\t\t<\/div>\n\t\t\t\t<\/div>\n\t\t\t\t<\/div>\n\t\t","protected":false},"excerpt":{"rendered":"<p>R\u00e8glement int\u00e9rieur Cyclosportive La Manchoise &#8211; 55km T\u00e9lechargez La Manchoise est organis\u00e9e par l\u2019Association Sportive du Sud-Manche. Le pr\u00e9sident de cette association est Beno\u00eet DECHANC\u00c9. La cyclosportive se d\u00e9roulera le samedi 17 mai 2025. ARTICLE 1 : Organisation Tout(e) participant(e) reconna\u00eet avoir pris connaissance du pr\u00e9sent r\u00e8glement, en accepter les clauses dans son int\u00e9gralit\u00e9 et [&hellip;]<\/p>\n","protected":false},"author":1,"featured_media":0,"parent":0,"menu_order":0,"comment_status":"closed","ping_status":"closed","template":"","meta":{"site-sidebar-layout":"no-sidebar","site-content-layout":"page-builder","ast-site-content-layout":"full-width-container","site-content-style":"default","site-sidebar-style":"default","ast-global-header-display":"","ast-banner-title-visibility":"","ast-main-header-display":"","ast-hfb-above-header-display":"","ast-hfb-below-header-display":"","ast-hfb-mobile-header-display":"","site-post-title":"disabled","ast-breadcrumbs-content":"","ast-featured-img":"disabled","footer-sml-layout":"","theme-transparent-header-meta":"","adv-header-id-meta":"","stick-header-meta":"","header-above-stick-meta":"","header-main-stick-meta":"","header-below-stick-meta":"","astra-migrate-meta-layouts":"set","ast-page-background-enabled":"default","ast-page-background-meta":{"desktop":{"background-color":"","background-image":"","background-repeat":"repeat","background-position":"center center","background-size":"auto","background-attachment":"scroll","background-type":"","background-media":"","overlay-type":"","overlay-color":"","overlay-opacity":"","overlay-gradient":""},"tablet":{"background-color":"","background-image":"","background-repeat":"repeat","background-position":"center center","background-size":"auto","background-attachment":"scroll","background-type":"","background-media":"","overlay-type":"","overlay-color":"","overlay-opacity":"","overlay-gradient":""},"mobile":{"background-color":"","background-image":"","background-repeat":"repeat","background-position":"center center","background-size":"auto","background-attachment":"scroll","background-type":"","background-media":"","overlay-type":"","overlay-color":"","overlay-opacity":"","overlay-gradient":""}},"ast-content-background-meta":{"desktop":{"background-color":"var(--ast-global-color-5)","background-image":"","background-repeat":"repeat","background-position":"center center","background-size":"auto","background-attachment":"scroll","background-type":"","background-media":"","overlay-type":"","overlay-color":"","overlay-opacity":"","overlay-gradient":""},"tablet":{"background-color":"var(--ast-global-color-5)","background-image":"","background-repeat":"repeat","background-position":"center center","background-size":"auto","background-attachment":"scroll","background-type":"","background-media":"","overlay-type":"","overlay-color":"","overlay-opacity":"","overlay-gradient":""},"mobile":{"background-color":"var(--ast-global-color-5)","background-image":"","background-repeat":"repeat","background-position":"center center","background-size":"auto","background-attachment":"scroll","background-type":"","background-media":"","overlay-type":"","overlay-color":"","overlay-opacity":"","overlay-gradient":""}},"footnotes":""},"class_list":["post-1048","page","type-page","status-publish","hentry"],"yoast_head":"<!-- This site is optimized with the Yoast SEO plugin v24.7 - https:\/\/yoast.com\/wordpress\/plugins\/seo\/ -->\n<title>R\u00e9glement 55km -<\/title>\n<meta name=\"robots\" content=\"index, follow, max-snippet:-1, max-image-preview:large, max-video-preview:-1\" \/>\n<link rel=\"canonical\" href=\"https:\/\/cyclosportive-lamanchoise.fr\/index.php\/reglement-55km\/\" \/>\n<meta property=\"og:locale\" content=\"fr_FR\" \/>\n<meta property=\"og:type\" content=\"article\" \/>\n<meta property=\"og:title\" content=\"R\u00e9glement 55km -\" \/>\n<meta property=\"og:description\" content=\"R\u00e8glement int\u00e9rieur Cyclosportive La Manchoise &#8211; 55km T\u00e9lechargez La Manchoise est organis\u00e9e par l\u2019Association Sportive du Sud-Manche. Le pr\u00e9sident de cette association est Beno\u00eet DECHANC\u00c9. La cyclosportive se d\u00e9roulera le samedi 17 mai 2025. ARTICLE 1 : Organisation Tout(e) participant(e) reconna\u00eet avoir pris connaissance du pr\u00e9sent r\u00e8glement, en accepter les clauses dans son int\u00e9gralit\u00e9 et [&hellip;]\" \/>\n<meta property=\"og:url\" content=\"https:\/\/cyclosportive-lamanchoise.fr\/index.php\/reglement-55km\/\" \/>\n<meta property=\"article:modified_time\" content=\"2025-02-25T13:24:38+00:00\" \/>\n<meta name=\"twitter:card\" content=\"summary_large_image\" \/>\n<meta name=\"twitter:label1\" content=\"Dur\u00e9e de lecture estim\u00e9e\" \/>\n\t<meta name=\"twitter:data1\" content=\"5 minutes\" \/>\n<script type=\"application\/ld+json\" class=\"yoast-schema-graph\">{\"@context\":\"https:\/\/schema.org\",\"@graph\":[{\"@type\":\"WebPage\",\"@id\":\"https:\/\/cyclosportive-lamanchoise.fr\/index.php\/reglement-55km\/\",\"url\":\"https:\/\/cyclosportive-lamanchoise.fr\/index.php\/reglement-55km\/\",\"name\":\"R\u00e9glement 55km -\",\"isPartOf\":{\"@id\":\"https:\/\/cyclosportive-lamanchoise.fr\/#website\"},\"datePublished\":\"2025-01-15T16:30:16+00:00\",\"dateModified\":\"2025-02-25T13:24:38+00:00\",\"breadcrumb\":{\"@id\":\"https:\/\/cyclosportive-lamanchoise.fr\/index.php\/reglement-55km\/#breadcrumb\"},\"inLanguage\":\"fr-FR\",\"potentialAction\":[{\"@type\":\"ReadAction\",\"target\":[\"https:\/\/cyclosportive-lamanchoise.fr\/index.php\/reglement-55km\/\"]}]},{\"@type\":\"BreadcrumbList\",\"@id\":\"https:\/\/cyclosportive-lamanchoise.fr\/index.php\/reglement-55km\/#breadcrumb\",\"itemListElement\":[{\"@type\":\"ListItem\",\"position\":1,\"name\":\"Accueil\",\"item\":\"https:\/\/cyclosportive-lamanchoise.fr\/\"},{\"@type\":\"ListItem\",\"position\":2,\"name\":\"R\u00e9glement 55km\"}]},{\"@type\":\"WebSite\",\"@id\":\"https:\/\/cyclosportive-lamanchoise.fr\/#website\",\"url\":\"https:\/\/cyclosportive-lamanchoise.fr\/\",\"name\":\"\",\"description\":\"\",\"potentialAction\":[{\"@type\":\"SearchAction\",\"target\":{\"@type\":\"EntryPoint\",\"urlTemplate\":\"https:\/\/cyclosportive-lamanchoise.fr\/?s={search_term_string}\"},\"query-input\":{\"@type\":\"PropertyValueSpecification\",\"valueRequired\":true,\"valueName\":\"search_term_string\"}}],\"inLanguage\":\"fr-FR\"}]}<\/script>\n<!-- \/ Yoast SEO plugin. -->","yoast_head_json":{"title":"R\u00e9glement 55km -","robots":{"index":"index","follow":"follow","max-snippet":"max-snippet:-1","max-image-preview":"max-image-preview:large","max-video-preview":"max-video-preview:-1"},"canonical":"https:\/\/cyclosportive-lamanchoise.fr\/index.php\/reglement-55km\/","og_locale":"fr_FR","og_type":"article","og_title":"R\u00e9glement 55km -","og_description":"R\u00e8glement int\u00e9rieur Cyclosportive La Manchoise &#8211; 55km T\u00e9lechargez La Manchoise est organis\u00e9e par l\u2019Association Sportive du Sud-Manche. Le pr\u00e9sident de cette association est Beno\u00eet DECHANC\u00c9. La cyclosportive se d\u00e9roulera le samedi 17 mai 2025. ARTICLE 1 : Organisation Tout(e) participant(e) reconna\u00eet avoir pris connaissance du pr\u00e9sent r\u00e8glement, en accepter les clauses dans son int\u00e9gralit\u00e9 et [&hellip;]","og_url":"https:\/\/cyclosportive-lamanchoise.fr\/index.php\/reglement-55km\/","article_modified_time":"2025-02-25T13:24:38+00:00","twitter_card":"summary_large_image","twitter_misc":{"Dur\u00e9e de lecture estim\u00e9e":"5 minutes"},"schema":{"@context":"https:\/\/schema.org","@graph":[{"@type":"WebPage","@id":"https:\/\/cyclosportive-lamanchoise.fr\/index.php\/reglement-55km\/","url":"https:\/\/cyclosportive-lamanchoise.fr\/index.php\/reglement-55km\/","name":"R\u00e9glement 55km -","isPartOf":{"@id":"https:\/\/cyclosportive-lamanchoise.fr\/#website"},"datePublished":"2025-01-15T16:30:16+00:00","dateModified":"2025-02-25T13:24:38+00:00","breadcrumb":{"@id":"https:\/\/cyclosportive-lamanchoise.fr\/index.php\/reglement-55km\/#breadcrumb"},"inLanguage":"fr-FR","potentialAction":[{"@type":"ReadAction","target":["https:\/\/cyclosportive-lamanchoise.fr\/index.php\/reglement-55km\/"]}]},{"@type":"BreadcrumbList","@id":"https:\/\/cyclosportive-lamanchoise.fr\/index.php\/reglement-55km\/#breadcrumb","itemListElement":[{"@type":"ListItem","position":1,"name":"Accueil","item":"https:\/\/cyclosportive-lamanchoise.fr\/"},{"@type":"ListItem","position":2,"name":"R\u00e9glement 55km"}]},{"@type":"WebSite","@id":"https:\/\/cyclosportive-lamanchoise.fr\/#website","url":"https:\/\/cyclosportive-lamanchoise.fr\/","name":"","description":"","potentialAction":[{"@type":"SearchAction","target":{"@type":"EntryPoint","urlTemplate":"https:\/\/cyclosportive-lamanchoise.fr\/?s={search_term_string}"},"query-input":{"@type":"PropertyValueSpecification","valueRequired":true,"valueName":"search_term_string"}}],"inLanguage":"fr-FR"}]}},"_links":{"self":[{"href":"https:\/\/cyclosportive-lamanchoise.fr\/index.php\/wp-json\/wp\/v2\/pages\/1048","targetHints":{"allow":["GET"]}}],"collection":[{"href":"https:\/\/cyclosportive-lamanchoise.fr\/index.php\/wp-json\/wp\/v2\/pages"}],"about":[{"href":"https:\/\/cyclosportive-lamanchoise.fr\/index.php\/wp-json\/wp\/v2\/types\/page"}],"author":[{"embeddable":true,"href":"https:\/\/cyclosportive-lamanchoise.fr\/index.php\/wp-json\/wp\/v2\/users\/1"}],"replies":[{"embeddable":true,"href":"https:\/\/cyclosportive-lamanchoise.fr\/index.php\/wp-json\/wp\/v2\/comments?post=1048"}],"version-history":[{"count":13,"href":"https:\/\/cyclosportive-lamanchoise.fr\/index.php\/wp-json\/wp\/v2\/pages\/1048\/revisions"}],"predecessor-version":[{"id":1362,"href":"https:\/\/cyclosportive-lamanchoise.fr\/index.php\/wp-json\/wp\/v2\/pages\/1048\/revisions\/1362"}],"wp:attachment":[{"href":"https:\/\/cyclosportive-lamanchoise.fr\/index.php\/wp-json\/wp\/v2\/media?parent=1048"}],"curies":[{"name":"wp","href":"https:\/\/api.w.org\/{rel}","templated":true}]}}